{"id":185,"date":"2021-03-25T14:31:31","date_gmt":"2021-03-25T14:31:31","guid":{"rendered":"http:\/\/www.consejerosprofesionalespr.com\/portal\/?page_id=185"},"modified":"2021-03-25T14:43:07","modified_gmt":"2021-03-25T14:43:07","slug":"articulos-informativos-de-consejeros-profesionales","status":"publish","type":"page","link":"http:\/\/www.consejerosprofesionalespr.com\/portal\/articulos-informativos-de-consejeros-profesionales\/","title":{"rendered":"Art\u00edculos Informativos de Consejeros Profesionales"},"content":{"rendered":"\n\t<p><a href=\"http:\/\/www.consejerosprofesionalespr.com\/portal\/evolucion-historica-de-la-consejeria-profesional\/\"><em><strong>Evoluci\u00f3n hist\u00f3rica de la Consejer\u00eda Profesional<\/strong><\/em><\/a><\/p>\n\t<p><a href=\"http:\/\/www.consejerosprofesionalespr.com\/portal\/hablemos-del-toc-en-tiempos-del-coronavirus\/\"><strong><em>Hablemos del TOC en tiempos del Coronavirus<\/em><\/strong><\/a><\/p>\n","protected":false},"excerpt":{"rendered":"<p>Evoluci\u00f3n hist\u00f3rica de la Consejer\u00eda Profesional Hablemos del TOC en tiempos del Coronavirus<\/p>\n","protected":false},"author":1,"featured_media":0,"parent":0,"menu_order":0,"comment_status":"closed","ping_status":"closed","template":"","meta":{"_coblocks_attr":"","_coblocks_dimensions":"","_coblocks_responsive_height":"","_coblocks_accordion_ie_support":"","spay_email":""},"_links":{"self":[{"href":"http:\/\/www.consejerosprofesionalespr.com\/portal\/wp-json\/wp\/v2\/pages\/185"}],"collection":[{"href":"http:\/\/www.consejerosprofesionalespr.com\/portal\/wp-json\/wp\/v2\/pages"}],"about":[{"href":"http:\/\/www.consejerosprofesionalespr.com\/portal\/wp-json\/wp\/v2\/types\/page"}],"author":[{"embeddable":true,"href":"http:\/\/www.consejerosprofesionalespr.com\/portal\/wp-json\/wp\/v2\/users\/1"}],"replies":[{"embeddable":true,"href":"http:\/\/www.consejerosprofesionalespr.com\/portal\/wp-json\/wp\/v2\/comments?post=185"}],"version-history":[{"count":8,"href":"http:\/\/www.consejerosprofesionalespr.com\/portal\/wp-json\/wp\/v2\/pages\/185\/revisions"}],"predecessor-version":[{"id":201,"href":"http:\/\/www.consejerosprofesionalespr.com\/portal\/wp-json\/wp\/v2\/pages\/185\/revisions\/201"}],"wp:attachment":[{"href":"http:\/\/www.consejerosprofesionalespr.com\/portal\/wp-json\/wp\/v2\/media?parent=185"}],"curies":[{"name":"wp","href":"https:\/\/api.w.org\/{rel}","templated":true}]}}