{"id":252,"date":"2021-03-25T17:19:14","date_gmt":"2021-03-25T17:19:14","guid":{"rendered":"http:\/\/www.consejerosprofesionalespr.com\/portal\/?page_id=252"},"modified":"2021-03-26T12:45:11","modified_gmt":"2021-03-26T12:45:11","slug":"programa-virtual-el-consejero-profesional-del-siglo-xxi-2","status":"publish","type":"page","link":"http:\/\/www.consejerosprofesionalespr.com\/portal\/programa-virtual-el-consejero-profesional-del-siglo-xxi-2\/","title":{"rendered":"Programa Virtual: \u00abEl Consejero Profesional del Siglo XXI\u00bb"},"content":{"rendered":"\n\t<p><strong><em><a href=\"http:\/\/www.consejerosprofesionalespr.com\/portal\/identidad-del-consejero-profesional-en-tiempos-de-crisis\/\">Identidad del Consejero Profesional en tiempos de crisis<\/a><\/em><\/strong><\/p>\n\t<p><strong><em><a href=\"http:\/\/www.consejerosprofesionalespr.com\/portal\/el-consejero-profesional-salud-mental-y-planes-medicos\/\">El Consejero Profesional, Salud Mental y Planes M\u00e9dicos<\/a><\/em><\/strong><\/p>\n\t<p><a href=\"http:\/\/www.consejerosprofesionalespr.com\/portal\/perspectiva-estudiantil-de-la-consejeria-profesional-del-siglo-xxi\/\"><b><i>Perspectiva Estudiantil de la Consejer\u00eda Profesional<\/i><\/b><\/a><\/p>\n\t<p><a href=\"http:\/\/www.consejerosprofesionalespr.com\/portal\/preguntas-y-respuestas-sobre-la-consejeria-profesional\/\"><b><i><u>Preguntas y Respuestas sobre la Consejer\u00eda Profesional I<\/u><\/i><\/b><\/a><\/p>\n\t<p><a href=\"http:\/\/www.consejerosprofesionalespr.com\/portal\/consejeria-y-peritaje-forense\/\"><b><i><u>Consejer\u00eda y Peritaje Forense<\/u><\/i><\/b><\/a><\/p>\n\t<p><a href=\"http:\/\/www.consejerosprofesionalespr.com\/portal\/preguntas-y-respuestas-sobre-la-consejeria-profesional-ii\/\"><b><i>Preguntas y Respuestas sobre la Consejer\u00eda Profesional II<\/i><\/b><\/a><\/p>\n\t<p><a href=\"http:\/\/www.consejerosprofesionalespr.com\/portal\/consejeria-profesional-y-el-proceso-de-perdidas-y-duelo\/\"><b><i>Consejer\u00eda Profesional y el Proceso de P\u00e9rdidas y Duelo<\/i><\/b><\/a><\/p>\n\t<p><b><i><a href=\"http:\/\/www.consejerosprofesionalespr.com\/portal\/asesoria-universitaria-otra-dimension-de-la-consejeria-profesional\/\">Asesor\u00eda Universitaria: Otra Dimensi\u00f3n de la Consejer\u00eda Profesional<\/a><\/i><\/b><\/p>\n\t<p><a href=\"http:\/\/www.consejerosprofesionalespr.com\/portal\/?p=308&amp;preview=true\"><b><i>El Rol del Consejero Profesional en la Intervenci\u00f3n en Crisis<\/i><\/b><\/a><\/p>\n\t<p><a href=\"http:\/\/www.consejerosprofesionalespr.com\/portal\/el-consejero-profesional-y-la-intervencion-psicogeriatrica\/\"><b><i>El Consejero Profesional y la Intervenci\u00f3n Psicogeri\u00e1trica<\/i><\/b><\/a><\/p>\n\t<p><a href=\"http:\/\/www.consejerosprofesionalespr.com\/portal\/perspectiva-de-genero-deconstruyendo-mitos\/\"><b><i>Perspectiva de G\u00e9nero: Deconstruyendo Mito<\/i><\/b><\/a><\/p>\n\t<p><a href=\"http:\/\/www.consejerosprofesionalespr.com\/portal\/consejeria-confidencialidad-y-caso-tarasoff\/\"><b><i>Consejer\u00eda, Confidencialidad y Caso Tarasoff<\/i><\/b><\/a><\/p>\n\t<p><a href=\"http:\/\/www.consejerosprofesionalespr.com\/portal\/conversatorio-con-miembros-de-la-junta-examinadora-de-consejeros-profesionales\/\"><b><i>Conversatorio con Miembros de la Junta Examinadora de Consejeros Profesionales<\/i><\/b><\/a><\/p>\n\t<p><a href=\"http:\/\/www.consejerosprofesionalespr.com\/portal\/revalida-licencia-y-portabilidad\/\"><b><i>Rev\u00e1lida, Licencia y Portabilidad<\/i><\/b><\/a><\/p>\n\t<p><strong><em><a href=\"http:\/\/www.consejerosprofesionalespr.com\/portal\/el-consejero-profesional-y-la-administracion-de-pruebas-podemos-o-no-podemos\/\">El Consejero Profesional y la Administraci\u00f3n de Pruebas<\/a><\/em><\/strong><\/p>\n\t<p><a href=\"http:\/\/www.consejerosprofesionalespr.com\/portal\/consejeria-una-profesion-con-muchas-dimensiones\/\"><b><i><u>Consejer\u00eda: Una Profesi\u00f3n con Muchas Dimensiones<\/u><\/i><\/b><\/a><\/p>\n\t<p><a href=\"http:\/\/www.consejerosprofesionalespr.com\/portal\/la-consejeria-y-el-trastorno-pedofilico\/\"><b><i>La Consejer\u00eda y el Trastorno Pedof\u00edlico<\/i><\/b><\/a><\/p>\n\t<p><a href=\"http:\/\/www.consejerosprofesionalespr.com\/portal\/el-consejero-profesional-y-la-practica-privada\/\"><b><i>El Consejero Profesional y la Pr\u00e1ctica Privada<\/i><\/b><\/a><\/p>\n\t<p><a href=\"http:\/\/www.consejerosprofesionalespr.com\/portal\/competencias-programas-y-licencias-para-intervencion-en-abuso-de-sustancias\/\"><b><i>Competencias, Programas y Licencias para Intervenci\u00f3n en Abuso de Sustancias<\/i><\/b><\/a><\/p>\n\t<p><a href=\"http:\/\/www.consejerosprofesionalespr.com\/portal\/iniciativa-multidisciplinaria-contrastes-de-las-profesiones-de-salud-mental\/\"><b><i>Iniciativa Multidisciplinaria: Contrastes de las Profesiones de Salud Mental<\/i><\/b><\/a><\/p>\n\t<p><a href=\"http:\/\/www.consejerosprofesionalespr.com\/portal\/sistema-decide-inventario-de-intereses-vocacionales-de-puerto-rico\/\"><b><i>Sistema DECIDE: Inventario de Intereses Vocacionales de Puerto Ricol<\/i><\/b><\/a><\/p>\n\t<p><a href=\"http:\/\/www.consejerosprofesionalespr.com\/portal\/onversatorio-con-candidatos-a-la-gobernacion-propuestas-sobre-salud-mental\/\"><b><i>Conversatorio con Candidatos a la Gobernaci\u00f3n: Propuestas sobre Salud Mental<\/i><\/b><\/a><\/p>\n\t<p><a href=\"http:\/\/www.consejerosprofesionalespr.com\/portal\/conversatorio-con-candidatos-a-la-legislatura-por-acumulacion-propuestas-para-la-salud-mental\/\"><b><i>Conversatorio con Candidatos a la Legislatura por Acumulaci\u00f3n: Propuestas para la Salud Mental<\/i><\/b><\/a><\/p>\n\t<p><a href=\"http:\/\/www.consejerosprofesionalespr.com\/portal\/el-desarrollo-de-la-consejeria-profesional-en-puerto-rico\/\"><b><i>El Desarrollo de la Consejer\u00eda Profesional en Puerto Rico<\/i><\/b><\/a><\/p>\n\t<p><a href=\"http:\/\/www.consejerosprofesionalespr.com\/portal\/aprendizaje-en-servicio\/\"><b><i>Aprendizaje en Servicio<\/i><\/b><\/a><\/p>\n","protected":false},"excerpt":{"rendered":"<p>Identidad del Consejero Profesional en tiempos de crisis El Consejero Profesional, Salud Mental y Planes M\u00e9dicos Perspectiva Estudiantil de la Consejer\u00eda Profesional Preguntas y Respuestas sobre la Consejer\u00eda Profesional I Consejer\u00eda y Peritaje Forense Preguntas y Respuestas sobre la Consejer\u00eda Profesional II Consejer\u00eda Profesional y el Proceso de P\u00e9rdidas y Duelo Asesor\u00eda Universitaria: Otra Dimensi\u00f3n [&hellip;]<\/p>\n","protected":false},"author":1,"featured_media":0,"parent":0,"menu_order":0,"comment_status":"closed","ping_status":"closed","template":"","meta":{"_coblocks_attr":"","_coblocks_dimensions":"","_coblocks_responsive_height":"","_coblocks_accordion_ie_support":"","spay_email":""},"_links":{"self":[{"href":"http:\/\/www.consejerosprofesionalespr.com\/portal\/wp-json\/wp\/v2\/pages\/252"}],"collection":[{"href":"http:\/\/www.consejerosprofesionalespr.com\/portal\/wp-json\/wp\/v2\/pages"}],"about":[{"href":"http:\/\/www.consejerosprofesionalespr.com\/portal\/wp-json\/wp\/v2\/types\/page"}],"author":[{"embeddable":true,"href":"http:\/\/www.consejerosprofesionalespr.com\/portal\/wp-json\/wp\/v2\/users\/1"}],"replies":[{"embeddable":true,"href":"http:\/\/www.consejerosprofesionalespr.com\/portal\/wp-json\/wp\/v2\/comments?post=252"}],"version-history":[{"count":19,"href":"http:\/\/www.consejerosprofesionalespr.com\/portal\/wp-json\/wp\/v2\/pages\/252\/revisions"}],"predecessor-version":[{"id":343,"href":"http:\/\/www.consejerosprofesionalespr.com\/portal\/wp-json\/wp\/v2\/pages\/252\/revisions\/343"}],"wp:attachment":[{"href":"http:\/\/www.consejerosprofesionalespr.com\/portal\/wp-json\/wp\/v2\/media?parent=252"}],"curies":[{"name":"wp","href":"https:\/\/api.w.org\/{rel}","templated":true}]}}